{"id":72,"date":"2020-09-07T21:40:31","date_gmt":"2020-09-07T19:40:31","guid":{"rendered":"http:\/\/www.vierhuff.de\/guw\/?page_id=72"},"modified":"2020-09-07T21:40:32","modified_gmt":"2020-09-07T19:40:32","slug":"rechtliche-hinweise","status":"publish","type":"page","link":"http:\/\/www.vierhuff.de\/guw\/rechtliche-hinweise\/","title":{"rendered":"Rechtliche Hinweise"},"content":{"rendered":"\n<p class=\"has-medium-font-size\"><strong>Rechtliche Hinweise nach WPHG<\/strong><\/p>\n\n\n\n<p>Ich bin kein Anlageberater, und dieses Blog ist keine Anlageberatung. Wer mit Wertpapieren handelt, tut dies auf eigene Verantwortung. Meine Betr\u00e4ge in diesem Blog sind meine ganz pers\u00f6nliche Meinung. Ich kann mich jederzeit irren und \u00fcbernehme daher keine Haftung f\u00fcr die Richtigkeit meiner Angaben. Da ich nat\u00fcrlich selbst nach meiner eigenen Meinung handle, besitze ich typischerweise die Wertpapiere, \u00fcber die ich schreibe. F\u00fcr andere kommen sie m\u00f6glicherweise nicht in Frage. Der Handel mit Wertpapieren an den B\u00f6rsen ist grunds\u00e4tzlich mit zahlreichen Risiken behaftet, die zum Totalverlust f\u00fchren k\u00f6nnen. Wer mein Blog besucht, erkl\u00e4rt sich damit einverstanden, auf jegliche Haftungs- und Gew\u00e4hrleistungsanspr\u00fcche zu verzichten.<\/p>\n\n\n\n<p class=\"has-medium-font-size\"><strong>Haftungshinweis<\/strong><\/p>\n\n\n\n<p>Dieses Blog enth\u00e4lt Links auf andere Webseiten. Nach den Gesetzen bin ich f\u00fcr meine eigenen Inhalte verantwortlich, habe aber keinen Einfluss auf den Inhalt verlinkter Seiten. Ich distanziere mich darum von allen verlinkten Seiten und \u00fcbernehme trotz gewissenhafter Pr\u00fcfung im Sinne der g\u00fcltigen Gesetze keine Verantwortung f\u00fcr deren Inhalte. F\u00fcr illegale, fehlerhafte oder unvollst\u00e4ndige Inhalte sowie f\u00fcr Sch\u00e4den, die durch die Nutzung oder Nichtnutzung der Informationen entstehen, haftet allein der Anbieter der Website, auf die verwiesen wurde. <\/p>\n\n\n\n<p class=\"has-medium-font-size\"><strong>Urheberrecht<\/strong><\/p>\n\n\n\n<p>Alle Texte in diesem Blog habe ich selbst verfasst; sie unterliegen damit meinem Urheberrecht. Zitate sind kenntlich gemacht und mit Quellenangaben versehen. Inhalte meiner Seiten d\u00fcrfen nur mit meiner ausdr\u00fccklichen schriftlichen Genehmigung \u00fcbernommen werden.<\/p>\n\n\n\n<p><\/p>\n","protected":false},"excerpt":{"rendered":"<p>Rechtliche Hinweise nach WPHG Ich bin kein Anlageberater, und dieses Blog ist keine Anlageberatung. Wer mit Wertpapieren handelt, tut dies auf eigene Verantwortung. Meine Betr\u00e4ge in diesem Blog sind meine ganz pers\u00f6nliche Meinung. Ich kann mich jederzeit irren und \u00fcbernehme daher keine Haftung f\u00fcr die Richtigkeit meiner Angaben. Da ich nat\u00fcrlich selbst nach meiner eigenen [&hellip;]<\/p>\n","protected":false},"author":1,"featured_media":0,"parent":0,"menu_order":0,"comment_status":"closed","ping_status":"closed","template":"","meta":[],"yoast_head":"<!-- This site is optimized with the Yoast SEO plugin v14.9 - https:\/\/yoast.com\/wordpress\/plugins\/seo\/ -->\n<title>Rechtliche Hinweise - Gewinn und Wahnsinn<\/title>\n<meta name=\"robots\" content=\"index, follow, max-snippet:-1, max-image-preview:large, max-video-preview:-1\" \/>\n<link rel=\"canonical\" href=\"http:\/\/www.vierhuff.de\/guw\/rechtliche-hinweise\/\" \/>\n<meta property=\"og:locale\" content=\"de_DE\" \/>\n<meta property=\"og:type\" content=\"article\" \/>\n<meta property=\"og:title\" content=\"Rechtliche Hinweise - Gewinn und Wahnsinn\" \/>\n<meta property=\"og:description\" content=\"Rechtliche Hinweise nach WPHG Ich bin kein Anlageberater, und dieses Blog ist keine Anlageberatung. Wer mit Wertpapieren handelt, tut dies auf eigene Verantwortung. Meine Betr\u00e4ge in diesem Blog sind meine ganz pers\u00f6nliche Meinung. Ich kann mich jederzeit irren und \u00fcbernehme daher keine Haftung f\u00fcr die Richtigkeit meiner Angaben. Da ich nat\u00fcrlich selbst nach meiner eigenen [&hellip;]\" \/>\n<meta property=\"og:url\" content=\"http:\/\/www.vierhuff.de\/guw\/rechtliche-hinweise\/\" \/>\n<meta property=\"og:site_name\" content=\"Gewinn und Wahnsinn\" \/>\n<meta property=\"article:modified_time\" content=\"2020-09-07T19:40:32+00:00\" \/>\n<meta name=\"twitter:card\" content=\"summary_large_image\" \/>\n<script type=\"application\/ld+json\" class=\"yoast-schema-graph\">{\"@context\":\"https:\/\/schema.org\",\"@graph\":[{\"@type\":\"Organization\",\"@id\":\"http:\/\/www.vierhuff.de\/guw\/#organization\",\"name\":\"Gewinn und Wahnsinn\",\"url\":\"http:\/\/www.vierhuff.de\/guw\/\",\"sameAs\":[],\"logo\":{\"@type\":\"ImageObject\",\"@id\":\"http:\/\/www.vierhuff.de\/guw\/#logo\",\"inLanguage\":\"de\",\"url\":\"http:\/\/www.vierhuff.de\/guw\/wp-content\/uploads\/2020\/09\/guwicon.png\",\"width\":512,\"height\":512,\"caption\":\"Gewinn und Wahnsinn\"},\"image\":{\"@id\":\"http:\/\/www.vierhuff.de\/guw\/#logo\"}},{\"@type\":\"WebSite\",\"@id\":\"http:\/\/www.vierhuff.de\/guw\/#website\",\"url\":\"http:\/\/www.vierhuff.de\/guw\/\",\"name\":\"Gewinn und Wahnsinn\",\"description\":\"Mein kleiner Finanzblog\",\"publisher\":{\"@id\":\"http:\/\/www.vierhuff.de\/guw\/#organization\"},\"potentialAction\":[{\"@type\":\"SearchAction\",\"target\":\"http:\/\/www.vierhuff.de\/guw\/?s={search_term_string}\",\"query-input\":\"required name=search_term_string\"}],\"inLanguage\":\"de\"},{\"@type\":\"WebPage\",\"@id\":\"http:\/\/www.vierhuff.de\/guw\/rechtliche-hinweise\/#webpage\",\"url\":\"http:\/\/www.vierhuff.de\/guw\/rechtliche-hinweise\/\",\"name\":\"Rechtliche Hinweise - Gewinn und Wahnsinn\",\"isPartOf\":{\"@id\":\"http:\/\/www.vierhuff.de\/guw\/#website\"},\"datePublished\":\"2020-09-07T19:40:31+00:00\",\"dateModified\":\"2020-09-07T19:40:32+00:00\",\"inLanguage\":\"de\",\"potentialAction\":[{\"@type\":\"ReadAction\",\"target\":[\"http:\/\/www.vierhuff.de\/guw\/rechtliche-hinweise\/\"]}]}]}<\/script>\n<!-- \/ Yoast SEO plugin. -->","_links":{"self":[{"href":"http:\/\/www.vierhuff.de\/guw\/wp-json\/wp\/v2\/pages\/72"}],"collection":[{"href":"http:\/\/www.vierhuff.de\/guw\/wp-json\/wp\/v2\/pages"}],"about":[{"href":"http:\/\/www.vierhuff.de\/guw\/wp-json\/wp\/v2\/types\/page"}],"author":[{"embeddable":true,"href":"http:\/\/www.vierhuff.de\/guw\/wp-json\/wp\/v2\/users\/1"}],"replies":[{"embeddable":true,"href":"http:\/\/www.vierhuff.de\/guw\/wp-json\/wp\/v2\/comments?post=72"}],"version-history":[{"count":1,"href":"http:\/\/www.vierhuff.de\/guw\/wp-json\/wp\/v2\/pages\/72\/revisions"}],"predecessor-version":[{"id":73,"href":"http:\/\/www.vierhuff.de\/guw\/wp-json\/wp\/v2\/pages\/72\/revisions\/73"}],"wp:attachment":[{"href":"http:\/\/www.vierhuff.de\/guw\/wp-json\/wp\/v2\/media?parent=72"}],"curies":[{"name":"wp","href":"https:\/\/api.w.org\/{rel}","templated":true}]}}