{"id":75,"date":"2020-09-07T21:53:23","date_gmt":"2020-09-07T19:53:23","guid":{"rendered":"http:\/\/www.vierhuff.de\/guw\/?page_id=75"},"modified":"2020-09-07T21:53:53","modified_gmt":"2020-09-07T19:53:53","slug":"ueber-gewinn-und-wahnsinn","status":"publish","type":"page","link":"http:\/\/www.vierhuff.de\/guw\/ueber-gewinn-und-wahnsinn\/","title":{"rendered":"\u00dcber Gewinn und Wahnsinn"},"content":{"rendered":"\n<p>Warum der Name &#8222;Gewinn und Wahnsinn&#8220;? Inspiriert ist dieser Titel offensichlich vom Begriff &#8222;Genie und Wahnsinn&#8220;, der besagt, dass geistige F\u00e4higkeiten und geistige Verwirrung nah beieinander liegen. In der Finanzwelt liegen meines Erachtens Gewinn und Wahnsinn nah beieinander. Um den Wunsch nach Gewinn zu erf\u00fcllen, muss man sich auf ein bisschen Wahnsinn einlassen. Die Finanzm\u00e4rkte sind nun mal nicht logisch.  <\/p>\n\n\n\n<p>Die Wirtschaftswissenschaft definiert die Finanzm\u00e4rkte gerne als total chaotisch, was systematischen Gewinn unm\u00f6glich machen soll. Andere betrachten die Finanzm\u00e4rkte unter rationalen Regeln, mit denen man &#8222;garantierte&#8220; Gewinne bestimmter H\u00f6he sicherstellen kann.<\/p>\n\n\n\n<p>F\u00fcr mich liegt die Wahrheit irgendwo dazwischen, oder besser noch bei beiden gleichzeitig. Die Finanzm\u00e4rkte verhalten sich irrational. Man kann sich auf diesen Wahnsinn einstellen und auf diese Weise trotzdem oder gerade deswegen Gewinne erwirtschaften. Daf\u00fcr muss man allerdings die eigenen m\u00f6glicherweise vorgefassten &#8222;Wahrheiten&#8220; \u00fcberwinden und sich auf den Wahninn der Finanzm\u00e4rkte einlassen.<\/p>\n\n\n\n<p>Entstanden ist dieses Blog als Versuch, meinem erwachsen gewordenen Patenkind einen gewinnorientierten Ansatz an den B\u00f6rsen zu vermitteln. Als junger Erwachsener hat es nicht viel Geld zur Verf\u00fcgung, um sich ein Verm\u00f6gen aufzubauen. Meiner Meinung nach sind die meisten Lehrmeinungen zu passivem Investment, Finanzkennzahlen, Trendlinien und dergleichen f\u00fcr diesen Fall nicht optimal. &#8222;Gewinn und Wahnsinn&#8220; versucht f\u00fcr ihn bei begrenztem Risiko eine \u00fcberdurchschnittliche Rendite zu erzielen. Daf\u00fcr ist ein gewisses Ma\u00df an Wahnsinn f\u00f6rderlich.<\/p>\n\n\n\n<p><\/p>\n","protected":false},"excerpt":{"rendered":"<p>Warum der Name &#8222;Gewinn und Wahnsinn&#8220;? Inspiriert ist dieser Titel offensichlich vom Begriff &#8222;Genie und Wahnsinn&#8220;, der besagt, dass geistige F\u00e4higkeiten und geistige Verwirrung nah beieinander liegen. In der Finanzwelt liegen meines Erachtens Gewinn und Wahnsinn nah beieinander. Um den Wunsch nach Gewinn zu erf\u00fcllen, muss man sich auf ein bisschen Wahnsinn einlassen. Die Finanzm\u00e4rkte [&hellip;]<\/p>\n","protected":false},"author":1,"featured_media":0,"parent":0,"menu_order":0,"comment_status":"closed","ping_status":"closed","template":"","meta":[],"yoast_head":"<!-- This site is optimized with the Yoast SEO plugin v14.9 - https:\/\/yoast.com\/wordpress\/plugins\/seo\/ -->\n<title>\u00dcber Gewinn und Wahnsinn - Gewinn und Wahnsinn<\/title>\n<meta name=\"robots\" content=\"index, follow, max-snippet:-1, max-image-preview:large, max-video-preview:-1\" \/>\n<link rel=\"canonical\" href=\"http:\/\/www.vierhuff.de\/guw\/ueber-gewinn-und-wahnsinn\/\" \/>\n<meta property=\"og:locale\" content=\"de_DE\" \/>\n<meta property=\"og:type\" content=\"article\" \/>\n<meta property=\"og:title\" content=\"\u00dcber Gewinn und Wahnsinn - Gewinn und Wahnsinn\" \/>\n<meta property=\"og:description\" content=\"Warum der Name &#8222;Gewinn und Wahnsinn&#8220;? Inspiriert ist dieser Titel offensichlich vom Begriff &#8222;Genie und Wahnsinn&#8220;, der besagt, dass geistige F\u00e4higkeiten und geistige Verwirrung nah beieinander liegen. In der Finanzwelt liegen meines Erachtens Gewinn und Wahnsinn nah beieinander. Um den Wunsch nach Gewinn zu erf\u00fcllen, muss man sich auf ein bisschen Wahnsinn einlassen. Die Finanzm\u00e4rkte [&hellip;]\" \/>\n<meta property=\"og:url\" content=\"http:\/\/www.vierhuff.de\/guw\/ueber-gewinn-und-wahnsinn\/\" \/>\n<meta property=\"og:site_name\" content=\"Gewinn und Wahnsinn\" \/>\n<meta property=\"article:modified_time\" content=\"2020-09-07T19:53:53+00:00\" \/>\n<meta name=\"twitter:card\" content=\"summary_large_image\" \/>\n<script type=\"application\/ld+json\" class=\"yoast-schema-graph\">{\"@context\":\"https:\/\/schema.org\",\"@graph\":[{\"@type\":\"Organization\",\"@id\":\"http:\/\/www.vierhuff.de\/guw\/#organization\",\"name\":\"Gewinn und Wahnsinn\",\"url\":\"http:\/\/www.vierhuff.de\/guw\/\",\"sameAs\":[],\"logo\":{\"@type\":\"ImageObject\",\"@id\":\"http:\/\/www.vierhuff.de\/guw\/#logo\",\"inLanguage\":\"de\",\"url\":\"http:\/\/www.vierhuff.de\/guw\/wp-content\/uploads\/2020\/09\/guwicon.png\",\"width\":512,\"height\":512,\"caption\":\"Gewinn und Wahnsinn\"},\"image\":{\"@id\":\"http:\/\/www.vierhuff.de\/guw\/#logo\"}},{\"@type\":\"WebSite\",\"@id\":\"http:\/\/www.vierhuff.de\/guw\/#website\",\"url\":\"http:\/\/www.vierhuff.de\/guw\/\",\"name\":\"Gewinn und Wahnsinn\",\"description\":\"Mein kleiner Finanzblog\",\"publisher\":{\"@id\":\"http:\/\/www.vierhuff.de\/guw\/#organization\"},\"potentialAction\":[{\"@type\":\"SearchAction\",\"target\":\"http:\/\/www.vierhuff.de\/guw\/?s={search_term_string}\",\"query-input\":\"required name=search_term_string\"}],\"inLanguage\":\"de\"},{\"@type\":\"WebPage\",\"@id\":\"http:\/\/www.vierhuff.de\/guw\/ueber-gewinn-und-wahnsinn\/#webpage\",\"url\":\"http:\/\/www.vierhuff.de\/guw\/ueber-gewinn-und-wahnsinn\/\",\"name\":\"\\u00dcber Gewinn und Wahnsinn - Gewinn und Wahnsinn\",\"isPartOf\":{\"@id\":\"http:\/\/www.vierhuff.de\/guw\/#website\"},\"datePublished\":\"2020-09-07T19:53:23+00:00\",\"dateModified\":\"2020-09-07T19:53:53+00:00\",\"inLanguage\":\"de\",\"potentialAction\":[{\"@type\":\"ReadAction\",\"target\":[\"http:\/\/www.vierhuff.de\/guw\/ueber-gewinn-und-wahnsinn\/\"]}]}]}<\/script>\n<!-- \/ Yoast SEO plugin. -->","_links":{"self":[{"href":"http:\/\/www.vierhuff.de\/guw\/wp-json\/wp\/v2\/pages\/75"}],"collection":[{"href":"http:\/\/www.vierhuff.de\/guw\/wp-json\/wp\/v2\/pages"}],"about":[{"href":"http:\/\/www.vierhuff.de\/guw\/wp-json\/wp\/v2\/types\/page"}],"author":[{"embeddable":true,"href":"http:\/\/www.vierhuff.de\/guw\/wp-json\/wp\/v2\/users\/1"}],"replies":[{"embeddable":true,"href":"http:\/\/www.vierhuff.de\/guw\/wp-json\/wp\/v2\/comments?post=75"}],"version-history":[{"count":2,"href":"http:\/\/www.vierhuff.de\/guw\/wp-json\/wp\/v2\/pages\/75\/revisions"}],"predecessor-version":[{"id":77,"href":"http:\/\/www.vierhuff.de\/guw\/wp-json\/wp\/v2\/pages\/75\/revisions\/77"}],"wp:attachment":[{"href":"http:\/\/www.vierhuff.de\/guw\/wp-json\/wp\/v2\/media?parent=75"}],"curies":[{"name":"wp","href":"https:\/\/api.w.org\/{rel}","templated":true}]}}